{"id":10851,"date":"2020-12-07T08:13:56","date_gmt":"2020-12-07T07:13:56","guid":{"rendered":"https:\/\/www.gmc-instruments.com\/the-group-of-companies\/"},"modified":"2020-12-09T10:17:02","modified_gmt":"2020-12-09T09:17:02","slug":"the-group-of-companies","status":"publish","type":"page","link":"https:\/\/www.gmc-instruments.com\/en\/the-group-of-companies\/","title":{"rendered":"THE GROUP OF COMPANIES"},"content":{"rendered":"<section class=\"wpb-content-wrapper\"><p>[vc_row type=&#8221;full-width-section&#8221; parallax_background=&#8221;&#8221; css=&#8221;.vc_custom_1584629782987{margin-top: 0px !important;margin-bottom: 0px !important;padding-top: 15% !important;padding-bottom: 15% !important;background-color: #f1f1f4 !important;}&#8221;][vc_column width=&#8221;1\/2&#8243; css=&#8221;.vc_custom_1589363522423{padding-right: 10% !important;padding-bottom: 40px !important;padding-left: 10% !important;}&#8221;][vc_single_image image=&#8221;10738&#8243; img_size=&#8221;600&#215;400&#8243;][\/vc_column][vc_column width=&#8221;1\/2&#8243; animation=&#8221;rda_fadeInUp&#8221; css=&#8221;.vc_custom_1593168113417{padding-right: 10% !important;padding-left: 10% !important;}&#8221;][vc_column_text css=&#8221;.vc_custom_1595253132713{margin-bottom: 20px !important;padding-bottom: 0px !important;}&#8221;]<\/p>\n<h3 class=\"p1\" style=\"text-align: left;\"><span class=\"rd_highlight\" style=\"color:#ffffff; background:#41a62a;\">CORPORATE STRUCTURE<\/span><\/h3>\n<p>[\/vc_column_text][vc_column_text css=&#8221;.vc_custom_1595259675357{margin-bottom: 0px !important;padding-bottom: 0px !important;}&#8221;]<\/p>\n<h1 class=\"p1\" style=\"text-align: left;\">CONSISTENTLY<br \/>\nALIGNED TO SUCCESS<\/h1>\n<p>[\/vc_column_text]<style type=\"text\/css\" >#l_lr2ibdvg4mvczk608xba{width:60px;}#l_lr2ibdvg4mvczk608xba.sc_line ,#l_lr2ibdvg4mvczk608xba .sc_line {border-top:3px solid #41a62a;}#l_lr2ibdvg4mvczk608xba {margin:20px 0 20px 0; padding:0;}<\/style><div class=\"clearfix\"><\/div><div id=\"l_lr2ibdvg4mvczk608xba\"  class=\"sc_line rd_line_bold\" ><\/div>[vc_column_text]<\/p>\n<h4 class=\"p1\" style=\"text-align: left;\">Market-oriented and globally positioned \u2013 we create safety, around the world and with specialists from our respective core sectors.<\/h4>\n<p>[\/vc_column_text][vc_column_text]<\/p>\n<h4>All of our brands are market leaders within their respective sectors with regard to quality, reliability and service.<\/h4>\n<p>[\/vc_column_text][\/vc_column][\/vc_row][vc_row type=&#8221;full-width-section&#8221; parallax=&#8221;tt_parallax&#8221; parallax_image=&#8221;8007&#8243; css=&#8221;.vc_custom_1593438445085{margin-bottom: 0px !important;padding-top: 15% !important;padding-bottom: 10% !important;}&#8221;][vc_column][vc_row_inner css=&#8221;.vc_custom_1593438509744{margin-bottom: 5% !important;}&#8221;][vc_column_inner css=&#8221;.vc_custom_1590567046029{padding-right: 10% !important;padding-left: 10% !important;}&#8221;][vc_column_text animation=&#8221;rda_fadeInUp&#8221; css=&#8221;.vc_custom_1593436875169{margin-bottom: 0px !important;padding-bottom: 0px !important;}&#8221;]<\/p>\n<h1 class=\"p1\" style=\"text-align: center;\"><span style=\"color: #ffffff;\">GMC <span style=\"color: #41a62a;\">I<\/span>NSTRUMENTS GROUP<\/span><\/h1>\n<p>[\/vc_column_text]<style type=\"text\/css\" >#l_ilovua4ggf03us7s9d91{width:60px;}#l_ilovua4ggf03us7s9d91.sc_line ,#l_ilovua4ggf03us7s9d91 .sc_line {border-top:3px solid #41a62a;}#l_ilovua4ggf03us7s9d91.sc_line ,#l_ilovua4ggf03us7s9d91 .sc_line{margin-left:auto!important; margin-right:auto!important;}#l_ilovua4ggf03us7s9d91 {margin:20px 0 0px 0; padding:0;}<\/style><div class=\"clearfix\"><\/div><div id=\"l_ilovua4ggf03us7s9d91\"  class=\"sc_line rd_line_bold\" ><\/div>[\/vc_column_inner][\/vc_row_inner][vc_row_inner css=&#8221;.vc_custom_1593436933114{margin-top: 0px !important;padding-top: 0px !important;}&#8221;][vc_column_inner animation=&#8221;rda_fadeInUp&#8221; css=&#8221;.vc_custom_1595316784726{margin-right: -50px !important;margin-left: -50px !important;}&#8221; offset=&#8221;vc_hidden-sm vc_hidden-xs&#8221;][vc_column_text css=&#8221;.vc_custom_1607504804601{margin-top: 0px !important;padding-top: 0px !important;}&#8221;]\n<table id=\"tablepress-3\" class=\"tablepress tablepress-id-3\">\n<thead>\n<tr class=\"row-1\">\n\t<th colspan=\"4\" class=\"column-1\"><strong>GMC-Instruments GmbH<\/strong><br \/>\nNuremberg \u2013 DE<\/th>\n<\/tr>\n<\/thead>\n<tbody class=\"row-striping\">\n<tr class=\"row-2\">\n\t<td class=\"column-1\"><strong><a href=\"https:\/\/gossenmetrawatt.com\/\" rel=\"noopener noreferrer\" target=\"_blank\">Gossen Metrawatt GmbH<\/a><\/strong><br \/>\nNuremberg \u2013 DE<\/td><td class=\"column-2\"><a href=\"https:\/\/www.gmc-instruments.it\/\" rel=\"noopener noreferrer\" target=\"_blank\"><strong>GMC-Instruments Italia S.r.l.<\/strong><\/a><br \/>\nBiassono \u2013 IT<\/td><td class=\"column-3\"><strong>GMC-Instruments UK Ltd.<\/strong><br \/>\nPeterlee \u2013 UK<\/td><td class=\"column-4\"><strong>GMC-I New World Beteiligungs GmbH<\/strong><br \/>\nNuremberg \u2013 DE<\/td>\n<\/tr>\n<tr class=\"row-3\">\n\t<td class=\"column-1\"><a href=\"https:\/\/www.gmci-service.com\/\" rel=\"noopener noreferrer\" target=\"_blank\"><strong>GMC-I Service GmbH<\/strong><\/a><br \/>\nNuremberg \u2013 DE<\/td><td class=\"column-2\"><a href=\"https:\/\/www.gmc-instruments.fr\/\" rel=\"noopener noreferrer\" target=\"_blank\"><strong>GMC-Instruments France SARL<\/strong><\/a><br \/>\nMassy \u2013 FR<\/td><td class=\"column-3\"><a href=\"https:\/\/www.seaward.com\/gb\/\" rel=\"noopener noreferrer\" target=\"_blank\"><strong>Seaward Electronic Ltd.<\/strong><\/a><br \/>\nPeterlee \u2013 UK<\/td><td class=\"column-4\"><a href=\"http:\/\/www.gmci-china.cn\/\" rel=\"noopener noreferrer\" target=\"_blank\"><strong>GMC-Instruments (Tianjin) Co., Ltd.<\/strong><\/a><br \/>\nTianjin, PR \u2013 CN (85%)<\/td>\n<\/tr>\n<tr class=\"row-4\">\n\t<td class=\"column-1\"><a href=\"http:\/\/www.gossen-photo.de\" rel=\"noopener noreferrer\" target=\"_blank\"><strong>GOSSEN Foto- und Lichtmesstechnik GmbH<\/strong><\/a><br \/>\nNuremberg \u2013 DE<\/td><td class=\"column-2\"><a href=\"https:\/\/www.gmc.cz\/\" rel=\"noopener noreferrer\" target=\"_blank\"><strong>GMC - m\u011b\u0159ic\u00ed technika, s.r.o.<\/strong><\/a><br \/>\nBlansko \u2013 CZ<\/td><td class=\"column-3\"><a href=\"https:\/\/www.seaward-groupusa.com\/\" rel=\"noopener noreferrer\" target=\"_blank\"><strong>Clare Instruments Inc.<\/strong><\/a><br \/>\nTampa, FL \u2013 USA<\/td><td class=\"column-4\"><strong>GMC-I (Shanghai) Power Measurement Co., Ltd.<\/strong><br \/>\nShanghai, PR \u2013 CN (85%)<\/td>\n<\/tr>\n<tr class=\"row-5\">\n\t<td class=\"column-1\"><a href=\"https:\/\/www.camillebauer.com\/\" rel=\"noopener noreferrer\" target=\"_blank\"><strong>Camille Bauer Metrawatt AG<\/strong><\/a><br \/>\nWohlen \u2013 CH<\/td><td class=\"column-2\"><a href=\"https:\/\/www.gmc-instruments.at\/\" rel=\"noopener noreferrer\" target=\"_blank\"><strong>GMC-Instruments Austria GmbH<\/strong><\/a><br \/>\nVienna \u2013 AT<\/td><td class=\"column-3\"><\/td><td class=\"column-4\"><strong>Global Power Technology Inc.<\/strong><br \/>\nEdison, NJ \u2013 USA<\/td>\n<\/tr>\n<tr class=\"row-6\">\n\t<td class=\"column-1\"><a href=\"https:\/\/www.i-prosys.com\/\" rel=\"noopener noreferrer\" target=\"_blank\"><strong>GMC-I PROSyS Ltd.<\/strong><\/a><br \/>\nSkelmersdale \u2013 UK<\/td><td class=\"column-2\"><a href=\"http:\/\/www.kainos.es\/\" rel=\"noopener noreferrer\" target=\"_blank\"><strong>Electromediciones Kainos S.A.U.<\/strong><\/a><br \/>\nBarcelona \u2013 ES<\/td><td class=\"column-3\"><\/td><td class=\"column-4\"><a href=\"http:\/\/www.dranetz.com\/\" rel=\"noopener noreferrer\" target=\"_blank\"><strong>Dranetz Technologies Inc.<\/strong><\/a><br \/>\nEdison, NJ \u2013 USA<\/td>\n<\/tr>\n<tr class=\"row-7\">\n\t<td class=\"column-1\"><a href=\"http:\/\/amac-chemnitz.de\/\" rel=\"noopener noreferrer\" target=\"_blank\"><strong>AMAC ASIC- und Mikrosensoranwendung Chemnitz GmbH<\/strong><\/a><br \/>\nChemnitz \u2013 DE (24,9%)<\/td><td class=\"column-2\"><a href=\"https:\/\/www.gmc-instruments.info\/\" rel=\"noopener noreferrer\" target=\"_blank\"><strong>GMC-Instruments Nederland B.V.<\/strong><\/a><br \/>\nWoerden \u2013 NL<\/td><td class=\"column-3\"><\/td><td class=\"column-4\"><\/td>\n<\/tr>\n<\/tbody>\n<\/table>\n<!-- #tablepress-3 from cache -->[\/vc_column_text][\/vc_column_inner][\/vc_row_inner][vc_row_inner css=&#8221;.vc_custom_1595402952177{margin-top: 0px !important;padding-top: 0px !important;padding-right: 5% !important;padding-left: 5% !important;}&#8221;][vc_column_inner animation=&#8221;rda_fadeInUp&#8221; offset=&#8221;vc_hidden-lg vc_hidden-md&#8221;][vc_column_text css=&#8221;.vc_custom_1607505417492{margin-top: 0px !important;padding-top: 0px !important;}&#8221;]\n<table id=\"tablepress-4\" class=\"tablepress tablepress-id-4\">\n<thead>\n<tr class=\"row-1\">\n\t<th class=\"column-1\"><strong>GMC-Instruments GmbH<\/strong><br \/>\nNuremberg \u2013 DE<\/th>\n<\/tr>\n<\/thead>\n<tbody class=\"row-striping\">\n<tr class=\"row-2\">\n\t<td class=\"column-1\"><strong><a href=\"https:\/\/gossenmetrawatt.com\/\" rel=\"noopener noreferrer\" target=\"_blank\">Gossen Metrawatt GmbH<\/a><\/strong><br \/>\nNuremberg \u2013 DE<\/td>\n<\/tr>\n<tr class=\"row-3\">\n\t<td class=\"column-1\"><a href=\"https:\/\/www.gmci-service.com\/\" rel=\"noopener noreferrer\" target=\"_blank\"><strong>GMC-I Service GmbH<\/strong><\/a><br \/>\nNuremberg \u2013 DE<\/td>\n<\/tr>\n<tr class=\"row-4\">\n\t<td class=\"column-1\"><a href=\"http:\/\/www.gossen-photo.de\" rel=\"noopener noreferrer\" target=\"_blank\"><strong>GOSSEN Foto- und Lichtmesstechnik GmbH<\/strong><\/a><br \/>\nNuremberg \u2013 DE<\/td>\n<\/tr>\n<tr class=\"row-5\">\n\t<td class=\"column-1\"><a href=\"https:\/\/www.camillebauer.com\/\" rel=\"noopener noreferrer\" target=\"_blank\"><strong>Camille Bauer Metrawatt AG<\/strong><\/a><br \/>\nWohlen \u2013 CH<\/td>\n<\/tr>\n<tr class=\"row-6\">\n\t<td class=\"column-1\"><a href=\"https:\/\/www.i-prosys.com\/\" rel=\"noopener noreferrer\" target=\"_blank\"><strong>GMC-I PROSyS Ltd.<\/strong><\/a><br \/>\nSkelmersdale \u2013 UK<\/td>\n<\/tr>\n<tr class=\"row-7\">\n\t<td class=\"column-1\"><a href=\"http:\/\/amac-chemnitz.de\/\" rel=\"noopener noreferrer\" target=\"_blank\"><strong>AMAC ASIC- und Mikrosensoranwendung Chemnitz GmbH<\/strong><\/a><br \/>\nChemnitz \u2013 DE (24,9%)<\/td>\n<\/tr>\n<tr class=\"row-8\">\n\t<td class=\"column-1\"><a href=\"https:\/\/www.gmc-instruments.it\/\" rel=\"noopener noreferrer\" target=\"_blank\"><strong>GMC-Instruments Italia S.r.l.<\/strong><\/a><br \/>\nBiassono \u2013 IT<\/td>\n<\/tr>\n<tr class=\"row-9\">\n\t<td class=\"column-1\"><a href=\"https:\/\/www.gmc-instruments.fr\/\" rel=\"noopener noreferrer\" target=\"_blank\"><strong>GMC-Instruments France SARL<\/strong><\/a><br \/>\nMassy \u2013 FR<\/td>\n<\/tr>\n<tr class=\"row-10\">\n\t<td class=\"column-1\"><a href=\"https:\/\/www.gmc.cz\/\" rel=\"noopener noreferrer\" target=\"_blank\"><strong>GMC - m\u011b\u0159ic\u00ed technika, s.r.o.<\/strong><\/a><br \/>\nBlansko \u2013 CZ<\/td>\n<\/tr>\n<tr class=\"row-11\">\n\t<td class=\"column-1\"><a href=\"https:\/\/www.gmc-instruments.at\/\" rel=\"noopener noreferrer\" target=\"_blank\"><strong>GMC-Instruments Austria GmbH<\/strong><\/a><br \/>\nVienna \u2013 AT<\/td>\n<\/tr>\n<tr class=\"row-12\">\n\t<td class=\"column-1\"><a href=\"http:\/\/www.kainos.es\/\" rel=\"noopener noreferrer\" target=\"_blank\"><strong>Electromediciones Kainos S.A.U.<\/strong><\/a><br \/>\nBarcelona \u2013 ES<\/td>\n<\/tr>\n<tr class=\"row-13\">\n\t<td class=\"column-1\"><a href=\"https:\/\/www.gmc-instruments.info\/\" rel=\"noopener noreferrer\" target=\"_blank\"><strong>GMC-Instruments Nederland B.V.<\/strong><\/a><br \/>\nWoerden \u2013 NL<\/td>\n<\/tr>\n<tr class=\"row-14\">\n\t<td class=\"column-1\"><a href=\"https:\/\/www.seaward.com\/gb\/\" rel=\"noopener noreferrer\" target=\"_blank\"><strong>Seaward Electronic Ltd.<\/strong><\/a><br \/>\nPeterlee \u2013 UK<\/td>\n<\/tr>\n<tr class=\"row-15\">\n\t<td class=\"column-1\"><a href=\"https:\/\/www.seaward-groupusa.com\/\" rel=\"noopener noreferrer\" target=\"_blank\"><strong>Clare Instruments Inc.<\/strong><\/a><br \/>\nTampa, FL \u2013 USA<\/td>\n<\/tr>\n<tr class=\"row-16\">\n\t<td class=\"column-1\"><span style=\"color:#41a62a\"><strong>GMC-I New World Beteiligungs GmbH<\/strong><\/span><br \/>\nNuremberg \u2013 DE<\/td>\n<\/tr>\n<tr class=\"row-17\">\n\t<td class=\"column-1\"><a href=\"http:\/\/www.gmci-china.cn\/\" rel=\"noopener noreferrer\" target=\"_blank\"><strong>GMC-Instruments (Tianjin) Co., Ltd.<\/strong><\/a><br \/>\nTianjin, PR \u2013 CN (85%)<\/td>\n<\/tr>\n<tr class=\"row-18\">\n\t<td class=\"column-1\"><span style=\"color:#41a62a\"><strong>GMC-I (Shanghai) Power Measurement Co., Ltd.<\/strong><\/span><br \/>\nShanghai, PR \u2013 CN (85%)<\/td>\n<\/tr>\n<tr class=\"row-19\">\n\t<td class=\"column-1\"><a href=\"https:\/\/www.dranetz.com\/\" rel=\"noopener noreferrer\" target=\"_blank\"><strong>Dranetz Technologies Inc.<\/strong><\/a><br \/>\nEdison, NJ \u2013 USA<\/td>\n<\/tr>\n<\/tbody>\n<\/table>\n<!-- #tablepress-4 from cache -->[\/vc_column_text][\/vc_column_inner][\/vc_row_inner][\/vc_column][\/vc_row][vc_row type=&#8221;full-width-content&#8221; parallax_background=&#8221;&#8221; css=&#8221;.vc_custom_1587459706575{margin-bottom: 0px !important;padding-top: 0px !important;padding-bottom: 0px !important;background-color: #ffffff !important;}&#8221; font_color=&#8221;#ffffff&#8221;][vc_column css=&#8221;.vc_custom_1583506087724{margin-top: 0px !important;margin-bottom: 0px !important;padding-top: 0px !important;padding-bottom: 0px !important;}&#8221;]<div class=\"clearfix\" style=\"padding-top:0px\"><\/div><script type=\"text\/javascript\" charset=\"utf-8\">\r\n\r\n\t\tjQuery.noConflict();\r\n\t\/\/setup up Carousel\r\n\t\tjQuery(document).ready(function($){\r\n\t\t\t\r\n\t\t\"use strict\";\r\n\t\t\r\n\t\t$(window).load(function(){\r\n\t\t$(\"#rd_q9m8nmqr9matjjofwz3x .partners\").carouFredSel({\r\n\t\t\t\t\tresponsive: true,\r\n\t\t\t\t\twidth: \"100%\",scroll:  { items:1,duration: 400},\r\n\t\t\t\t\tauto: true,\r\n\t\t\t\t\tprev: \"#rd_q9m8nmqr9matjjofwz3x .partners_left\",\r\n\t\t\t\t\tnext: \"#rd_q9m8nmqr9matjjofwz3x .partners_right\",\r\n\t\t\t\t\tswipe       : {\r\n             \t\t   onTouch     : true,\r\n\t\t               onMouse     : false\r\n        \t\t    },\r\n\t\t\t\t\titems: {\r\n\t\t\t\t\t\twidth: \"200\",\r\n\t\t\t\t\t\theight: \"variable\",\r\n\t\t\t\t\t\tvisible: {\r\n\t\t\t\t\t\t\tmin: 1,\r\n\t\t\t\t\t\t\tmax: 5\r\n\t\t\t\t\t\t}\r\n\t\t\t\t\t}\r\n\t\t\t\t});\r\n\t\t\t\t});\r\n\t\t\t\t});\r\n\t<\/script>\r\n\t\t\r\n\r\n\t<div class=\"sponsors\" id=\"rd_q9m8nmqr9matjjofwz3x\" >\r\n<div class=\"partners_nav\">\r\n  <p class=\"partners_left\"><\/p>\r\n  <p class=\"partners_right\"><\/p>\r\n<\/div>\r\n<ul class=\"partners\">      \r\n    <li>\r\n    \r\n<img loading=\"lazy\" decoding=\"async\" width=\"360\" height=\"113\" src=\"https:\/\/www.gmc-instruments.com\/wp-content\/uploads\/2023\/10\/calibrationhouse-1.jpg\" class=\"attachment-sponsor_tn size-sponsor_tn wp-post-image\" alt=\"\" title=\"\" srcset=\"https:\/\/www.gmc-instruments.com\/wp-content\/uploads\/2023\/10\/calibrationhouse-1.jpg 360w, https:\/\/www.gmc-instruments.com\/wp-content\/uploads\/2023\/10\/calibrationhouse-1-300x94.jpg 300w\" sizes=\"auto, (max-width: 360px) 100vw, 360px\" \/>      <\/li>\r\n            \r\n    <li>\r\n    \r\n\t  <a href=\"https:\/\/www.camillebauer.com\/\" target=\"_blank\">\r\n      <img loading=\"lazy\" decoding=\"async\" width=\"360\" height=\"113\" src=\"https:\/\/www.gmc-instruments.com\/wp-content\/uploads\/2023\/10\/camille_bauer.jpg\" class=\"attachment-sponsor_tn size-sponsor_tn wp-post-image\" alt=\"\" title=\"\" srcset=\"https:\/\/www.gmc-instruments.com\/wp-content\/uploads\/2023\/10\/camille_bauer.jpg 360w, https:\/\/www.gmc-instruments.com\/wp-content\/uploads\/2023\/10\/camille_bauer-300x94.jpg 300w\" sizes=\"auto, (max-width: 360px) 100vw, 360px\" \/>      <\/a>\r\n            <\/li>\r\n            \r\n    <li>\r\n    \r\n\t  <a href=\"https:\/\/www.dranetz.com\/\" target=\"_blank\">\r\n      <img loading=\"lazy\" decoding=\"async\" width=\"360\" height=\"113\" src=\"https:\/\/www.gmc-instruments.com\/wp-content\/uploads\/2023\/10\/dranetz.jpg\" class=\"attachment-sponsor_tn size-sponsor_tn wp-post-image\" alt=\"\" title=\"\" srcset=\"https:\/\/www.gmc-instruments.com\/wp-content\/uploads\/2023\/10\/dranetz.jpg 360w, https:\/\/www.gmc-instruments.com\/wp-content\/uploads\/2023\/10\/dranetz-300x94.jpg 300w\" sizes=\"auto, (max-width: 360px) 100vw, 360px\" \/>      <\/a>\r\n            <\/li>\r\n            \r\n    <li>\r\n    \r\n<img loading=\"lazy\" decoding=\"async\" width=\"360\" height=\"113\" src=\"https:\/\/www.gmc-instruments.com\/wp-content\/uploads\/2025\/04\/gmc-i-service.jpg\" class=\"attachment-sponsor_tn size-sponsor_tn wp-post-image\" alt=\"\" title=\"\" srcset=\"https:\/\/www.gmc-instruments.com\/wp-content\/uploads\/2025\/04\/gmc-i-service.jpg 360w, https:\/\/www.gmc-instruments.com\/wp-content\/uploads\/2025\/04\/gmc-i-service-300x94.jpg 300w\" sizes=\"auto, (max-width: 360px) 100vw, 360px\" \/>      <\/li>\r\n            \r\n    <li>\r\n    \r\n\t  <a href=\"http:\/\/www.gossen-photo.de\" target=\"_blank\">\r\n      <img loading=\"lazy\" decoding=\"async\" width=\"360\" height=\"113\" src=\"https:\/\/www.gmc-instruments.com\/wp-content\/uploads\/2023\/10\/gossen.jpg\" class=\"attachment-sponsor_tn size-sponsor_tn wp-post-image\" alt=\"\" title=\"\" srcset=\"https:\/\/www.gmc-instruments.com\/wp-content\/uploads\/2023\/10\/gossen.jpg 360w, https:\/\/www.gmc-instruments.com\/wp-content\/uploads\/2023\/10\/gossen-300x94.jpg 300w\" sizes=\"auto, (max-width: 360px) 100vw, 360px\" \/>      <\/a>\r\n            <\/li>\r\n            \r\n    <li>\r\n    \r\n\t  <a href=\"https:\/\/www.gmc-instruments.de\/\" target=\"_blank\">\r\n      <img loading=\"lazy\" decoding=\"async\" width=\"360\" height=\"113\" src=\"https:\/\/www.gmc-instruments.com\/wp-content\/uploads\/2023\/10\/Gossen_Metrawatt.jpg\" class=\"attachment-sponsor_tn size-sponsor_tn wp-post-image\" alt=\"\" title=\"\" srcset=\"https:\/\/www.gmc-instruments.com\/wp-content\/uploads\/2023\/10\/Gossen_Metrawatt.jpg 360w, https:\/\/www.gmc-instruments.com\/wp-content\/uploads\/2023\/10\/Gossen_Metrawatt-300x94.jpg 300w\" sizes=\"auto, (max-width: 360px) 100vw, 360px\" \/>      <\/a>\r\n            <\/li>\r\n            \r\n    <li>\r\n    \r\n\t  <a href=\"http:\/\/www.kainos.es\/\" target=\"_blank\">\r\n      <img loading=\"lazy\" decoding=\"async\" width=\"360\" height=\"113\" src=\"https:\/\/www.gmc-instruments.com\/wp-content\/uploads\/2023\/10\/kainos-1.jpg\" class=\"attachment-sponsor_tn size-sponsor_tn wp-post-image\" alt=\"\" title=\"\" srcset=\"https:\/\/www.gmc-instruments.com\/wp-content\/uploads\/2023\/10\/kainos-1.jpg 360w, https:\/\/www.gmc-instruments.com\/wp-content\/uploads\/2023\/10\/kainos-1-300x94.jpg 300w\" sizes=\"auto, (max-width: 360px) 100vw, 360px\" \/>      <\/a>\r\n            <\/li>\r\n            \r\n    <li>\r\n    \r\n\t  <a href=\"https:\/\/www.kurthelectronic.de\/\" target=\"_blank\">\r\n      <img loading=\"lazy\" decoding=\"async\" width=\"360\" height=\"113\" src=\"https:\/\/www.gmc-instruments.com\/wp-content\/uploads\/2023\/10\/kurth_electronik.jpg\" class=\"attachment-sponsor_tn size-sponsor_tn wp-post-image\" alt=\"\" title=\"\" srcset=\"https:\/\/www.gmc-instruments.com\/wp-content\/uploads\/2023\/10\/kurth_electronik.jpg 360w, https:\/\/www.gmc-instruments.com\/wp-content\/uploads\/2023\/10\/kurth_electronik-300x94.jpg 300w\" sizes=\"auto, (max-width: 360px) 100vw, 360px\" \/>      <\/a>\r\n            <\/li>\r\n            \r\n    <li>\r\n    \r\n\t  <a href=\"https:\/\/www.i-prosys.com\/\" target=\"_blank\">\r\n      <img loading=\"lazy\" decoding=\"async\" width=\"360\" height=\"113\" src=\"https:\/\/www.gmc-instruments.com\/wp-content\/uploads\/2023\/10\/prosys.jpg\" class=\"attachment-sponsor_tn size-sponsor_tn wp-post-image\" alt=\"\" title=\"\" srcset=\"https:\/\/www.gmc-instruments.com\/wp-content\/uploads\/2023\/10\/prosys.jpg 360w, https:\/\/www.gmc-instruments.com\/wp-content\/uploads\/2023\/10\/prosys-300x94.jpg 300w\" sizes=\"auto, (max-width: 360px) 100vw, 360px\" \/>      <\/a>\r\n            <\/li>\r\n            \r\n    <li>\r\n    \r\n\t  <a href=\"https:\/\/www.rigelmedical.com\/\" target=\"_blank\">\r\n      <img loading=\"lazy\" decoding=\"async\" width=\"360\" height=\"113\" src=\"https:\/\/www.gmc-instruments.com\/wp-content\/uploads\/2023\/10\/rigel.jpg\" class=\"attachment-sponsor_tn size-sponsor_tn wp-post-image\" alt=\"\" title=\"\" srcset=\"https:\/\/www.gmc-instruments.com\/wp-content\/uploads\/2023\/10\/rigel.jpg 360w, https:\/\/www.gmc-instruments.com\/wp-content\/uploads\/2023\/10\/rigel-300x94.jpg 300w\" sizes=\"auto, (max-width: 360px) 100vw, 360px\" \/>      <\/a>\r\n            <\/li>\r\n            \r\n    <li>\r\n    \r\n<img loading=\"lazy\" decoding=\"async\" width=\"360\" height=\"113\" src=\"https:\/\/www.gmc-instruments.com\/wp-content\/uploads\/2023\/10\/seaward-1.jpg\" class=\"attachment-sponsor_tn size-sponsor_tn wp-post-image\" alt=\"\" title=\"\" srcset=\"https:\/\/www.gmc-instruments.com\/wp-content\/uploads\/2023\/10\/seaward-1.jpg 360w, https:\/\/www.gmc-instruments.com\/wp-content\/uploads\/2023\/10\/seaward-1-300x94.jpg 300w\" sizes=\"auto, (max-width: 360px) 100vw, 360px\" \/>      <\/li>\r\n            <\/ul>\r\n      <\/div>\r\n      \r\n      <div class=\"clearfix\" style=\"padding-top:0px\"><\/div>[\/vc_column][\/vc_row]<\/p>\n<\/section>","protected":false},"excerpt":{"rendered":"<p><a href=\"https:\/\/www.gmc-instruments.com\/en\/partners\/seaward\/\" class=\"more\">Read more<\/a><\/p>\n","protected":false},"author":8,"featured_media":0,"parent":0,"menu_order":0,"comment_status":"closed","ping_status":"closed","template":"","meta":{"footnotes":""},"class_list":["post-10851","page","type-page","status-publish","hentry"],"aioseo_notices":[],"_links":{"self":[{"href":"https:\/\/www.gmc-instruments.com\/en\/wp-json\/wp\/v2\/pages\/10851","targetHints":{"allow":["GET"]}}],"collection":[{"href":"https:\/\/www.gmc-instruments.com\/en\/wp-json\/wp\/v2\/pages"}],"about":[{"href":"https:\/\/www.gmc-instruments.com\/en\/wp-json\/wp\/v2\/types\/page"}],"author":[{"embeddable":true,"href":"https:\/\/www.gmc-instruments.com\/en\/wp-json\/wp\/v2\/users\/8"}],"replies":[{"embeddable":true,"href":"https:\/\/www.gmc-instruments.com\/en\/wp-json\/wp\/v2\/comments?post=10851"}],"version-history":[{"count":0,"href":"https:\/\/www.gmc-instruments.com\/en\/wp-json\/wp\/v2\/pages\/10851\/revisions"}],"wp:attachment":[{"href":"https:\/\/www.gmc-instruments.com\/en\/wp-json\/wp\/v2\/media?parent=10851"}],"curies":[{"name":"wp","href":"https:\/\/api.w.org\/{rel}","templated":true}]}}